{"id":22,"date":"2023-10-26T05:41:23","date_gmt":"2023-10-26T05:41:23","guid":{"rendered":"https:\/\/venastat.com.mx\/?page_id=22"},"modified":"2024-01-04T16:57:42","modified_gmt":"2024-01-04T16:57:42","slug":"donde-comprar","status":"publish","type":"page","link":"https:\/\/venastat.com.mx\/index.php\/donde-comprar\/","title":{"rendered":"\u00bfD\u00f3nde comprar?"},"content":{"rendered":"\t\t<div data-elementor-type=\"wp-page\" data-elementor-id=\"22\" class=\"elementor elementor-22\">\n\t\t\t\t<div class=\"elementor-element elementor-element-a330f63 e-con-full e-flex e-con e-parent\" data-id=\"a330f63\" data-element_type=\"container\" data-settings=\"{&quot;content_width&quot;:&quot;full&quot;,&quot;background_background&quot;:&quot;classic&quot;,&quot;container_type&quot;:&quot;flex&quot;}\" data-core-v316-plus=\"true\">\n\t\t<div class=\"elementor-element elementor-element-f1bbc5d e-con-full e-flex e-con e-child\" data-id=\"f1bbc5d\" data-element_type=\"container\" data-settings=\"{&quot;content_width&quot;:&quot;full&quot;,&quot;container_type&quot;:&quot;flex&quot;}\">\n\t\t\t\t<div class=\"elementor-element elementor-element-8a7e0ea elementor-widget elementor-widget-heading\" data-id=\"8a7e0ea\" data-element_type=\"widget\" data-widget_type=\"heading.default\">\n\t\t\t\t<div class=\"elementor-widget-container\">\n\t\t\t<style>\/*! elementor - v3.19.0 - 29-01-2024 *\/\n.elementor-heading-title{padding:0;margin:0;line-height:1}.elementor-widget-heading .elementor-heading-title[class*=elementor-size-]>a{color:inherit;font-size:inherit;line-height:inherit}.elementor-widget-heading .elementor-heading-title.elementor-size-small{font-size:15px}.elementor-widget-heading .elementor-heading-title.elementor-size-medium{font-size:19px}.elementor-widget-heading .elementor-heading-title.elementor-size-large{font-size:29px}.elementor-widget-heading .elementor-heading-title.elementor-size-xl{font-size:39px}.elementor-widget-heading .elementor-heading-title.elementor-size-xxl{font-size:59px}<\/style><h2 class=\"elementor-heading-title elementor-size-default\">\u00bfD\u00d3NDE COMPRAR?<\/h2>\t\t<\/div>\n\t\t\t\t<\/div>\n\t\t\t\t<\/div>\n\t\t<div class=\"elementor-element elementor-element-68d0ef2 e-con-full e-flex e-con e-child\" data-id=\"68d0ef2\" data-element_type=\"container\" data-settings=\"{&quot;content_width&quot;:&quot;full&quot;,&quot;container_type&quot;:&quot;flex&quot;}\">\n\t\t\t\t<div class=\"elementor-element elementor-element-1275060 elementor-widget elementor-widget-image\" data-id=\"1275060\" data-element_type=\"widget\" data-widget_type=\"image.default\">\n\t\t\t\t<div class=\"elementor-widget-container\">\n\t\t\t<style>\/*! elementor - v3.19.0 - 29-01-2024 *\/\n.elementor-widget-image{text-align:center}.elementor-widget-image a{display:inline-block}.elementor-widget-image a img[src$=\".svg\"]{width:48px}.elementor-widget-image img{vertical-align:middle;display:inline-block}<\/style>\t\t\t\t\t\t\t\t\t\t\t<a href=\"https:\/\/www.farmaciasanpablo.com.mx\/medicamentos\/varices\/cuidado-de-piernas\/venastat\/p\/000000000070002542\">\n\t\t\t\t\t\t\t<img fetchpriority=\"high\" decoding=\"async\" width=\"819\" height=\"221\" src=\"https:\/\/venastat.com.mx\/wp-content\/uploads\/2023\/11\/san-pablo-01.png\" class=\"attachment-full size-full wp-image-1329\" alt=\"\" srcset=\"https:\/\/venastat.com.mx\/wp-content\/uploads\/2023\/11\/san-pablo-01.png 819w, https:\/\/venastat.com.mx\/wp-content\/uploads\/2023\/11\/san-pablo-01-300x81.png 300w, https:\/\/venastat.com.mx\/wp-content\/uploads\/2023\/11\/san-pablo-01-768x207.png 768w\" sizes=\"(max-width: 819px) 100vw, 819px\" \/>\t\t\t\t\t\t\t\t<\/a>\n\t\t\t\t\t\t\t\t\t\t\t\t\t<\/div>\n\t\t\t\t<\/div>\n\t\t\t\t<\/div>\n\t\t<div class=\"elementor-element elementor-element-948f998 e-con-full e-flex e-con e-child\" data-id=\"948f998\" data-element_type=\"container\" data-settings=\"{&quot;content_width&quot;:&quot;full&quot;,&quot;container_type&quot;:&quot;flex&quot;}\">\n\t\t\t\t<div class=\"elementor-element elementor-element-7eba5c3 elementor-widget elementor-widget-image\" data-id=\"7eba5c3\" data-element_type=\"widget\" data-widget_type=\"image.default\">\n\t\t\t\t<div class=\"elementor-widget-container\">\n\t\t\t\t\t\t\t\t\t\t\t\t\t\t<a href=\"https:\/\/www.yza.mx\/busqueda?q=Venastat&#038;search-button=&#038;lang=es_MX\">\n\t\t\t\t\t\t\t<img decoding=\"async\" width=\"141\" height=\"94\" src=\"https:\/\/venastat.com.mx\/wp-content\/uploads\/2023\/11\/yza-01.png\" class=\"attachment-full size-full wp-image-1332\" alt=\"\" \/>\t\t\t\t\t\t\t\t<\/a>\n\t\t\t\t\t\t\t\t\t\t\t\t\t<\/div>\n\t\t\t\t<\/div>\n\t\t\t\t<\/div>\n\t\t<div class=\"elementor-element elementor-element-15fbc56 e-con-full e-flex e-con e-child\" data-id=\"15fbc56\" data-element_type=\"container\" data-settings=\"{&quot;content_width&quot;:&quot;full&quot;,&quot;container_type&quot;:&quot;flex&quot;}\">\n\t\t\t\t<div class=\"elementor-element elementor-element-4576150 elementor-widget elementor-widget-image\" data-id=\"4576150\" data-element_type=\"widget\" data-widget_type=\"image.default\">\n\t\t\t\t<div class=\"elementor-widget-container\">\n\t\t\t\t\t\t\t\t\t\t\t\t\t\t<a href=\"https:\/\/www.chedraui.com.mx\/venastat?_q=Venastat&#038;map=ft\">\n\t\t\t\t\t\t\t<img decoding=\"async\" width=\"108\" height=\"81\" src=\"https:\/\/venastat.com.mx\/wp-content\/uploads\/2023\/11\/chedraui-01.png\" class=\"attachment-full size-full wp-image-1326\" alt=\"\" \/>\t\t\t\t\t\t\t\t<\/a>\n\t\t\t\t\t\t\t\t\t\t\t\t\t<\/div>\n\t\t\t\t<\/div>\n\t\t\t\t<\/div>\n\t\t<div class=\"elementor-element elementor-element-650721d e-con-full e-flex e-con e-child\" data-id=\"650721d\" data-element_type=\"container\" data-settings=\"{&quot;content_width&quot;:&quot;full&quot;,&quot;container_type&quot;:&quot;flex&quot;}\">\n\t\t\t\t<div class=\"elementor-element elementor-element-c5557d4 elementor-widget elementor-widget-image\" data-id=\"c5557d4\" data-element_type=\"widget\" data-widget_type=\"image.default\">\n\t\t\t\t<div class=\"elementor-widget-container\">\n\t\t\t\t\t\t\t\t\t\t\t\t\t\t<a href=\"https:\/\/www.soriana.com\/buscar?q=Venastat&#038;cid=&#038;search-button=\">\n\t\t\t\t\t\t\t<img loading=\"lazy\" decoding=\"async\" width=\"158\" height=\"40\" src=\"https:\/\/venastat.com.mx\/wp-content\/uploads\/2023\/11\/soriana-01.png\" class=\"attachment-full size-full wp-image-1330\" alt=\"\" \/>\t\t\t\t\t\t\t\t<\/a>\n\t\t\t\t\t\t\t\t\t\t\t\t\t<\/div>\n\t\t\t\t<\/div>\n\t\t\t\t<\/div>\n\t\t<div class=\"elementor-element elementor-element-057f413 e-con-full e-flex e-con e-child\" data-id=\"057f413\" data-element_type=\"container\" data-settings=\"{&quot;content_width&quot;:&quot;full&quot;,&quot;container_type&quot;:&quot;flex&quot;}\">\n\t\t\t\t<div class=\"elementor-element elementor-element-e95f51a elementor-widget elementor-widget-image\" data-id=\"e95f51a\" data-element_type=\"widget\" data-widget_type=\"image.default\">\n\t\t\t\t<div class=\"elementor-widget-container\">\n\t\t\t\t\t\t\t\t\t\t\t\t\t\t<a href=\"https:\/\/www.lacomer.com.mx\/lacomer\/#!\/item-search\/287\/Venastat\/false?p=1&#038;t=0&#038;succId=287&#038;succFmt=100\">\n\t\t\t\t\t\t\t<img loading=\"lazy\" decoding=\"async\" width=\"367\" height=\"74\" src=\"https:\/\/venastat.com.mx\/wp-content\/uploads\/2023\/11\/la-comer-01.png\" class=\"attachment-full size-full wp-image-1328\" alt=\"\" srcset=\"https:\/\/venastat.com.mx\/wp-content\/uploads\/2023\/11\/la-comer-01.png 367w, https:\/\/venastat.com.mx\/wp-content\/uploads\/2023\/11\/la-comer-01-300x60.png 300w\" sizes=\"(max-width: 367px) 100vw, 367px\" \/>\t\t\t\t\t\t\t\t<\/a>\n\t\t\t\t\t\t\t\t\t\t\t\t\t<\/div>\n\t\t\t\t<\/div>\n\t\t\t\t<\/div>\n\t\t<div class=\"elementor-element elementor-element-f751247 e-con-full e-flex e-con e-child\" data-id=\"f751247\" data-element_type=\"container\" data-settings=\"{&quot;content_width&quot;:&quot;full&quot;,&quot;container_type&quot;:&quot;flex&quot;}\">\n\t\t\t\t<div class=\"elementor-element elementor-element-ae0ff89 elementor-widget elementor-widget-image\" data-id=\"ae0ff89\" data-element_type=\"widget\" data-widget_type=\"image.default\">\n\t\t\t\t<div class=\"elementor-widget-container\">\n\t\t\t\t\t\t\t\t\t\t\t\t\t\t<a href=\"https:\/\/www.lacomer.com.mx\/lacomer\/?utm_source=google&#038;utm_medium=search&#038;utm_campaign=fresko&#038;utm_term=folleto&#038;utm_content=22nov_5dic&#038;gad_source=1&#038;gclid=Cj0KCQiAsburBhCIARIsAExmsu5T5AReryLKz-vuJ4yCjle4MrcixbQWwvuetJdLPQrUznOHPPVQd_waAqBIEALw_wcB#!\/item-search\/137\/venastat\/false?p=1&#038;t=0&#038;succId=137&#038;succFmt=100\">\n\t\t\t\t\t\t\t<img loading=\"lazy\" decoding=\"async\" width=\"300\" height=\"77\" src=\"https:\/\/venastat.com.mx\/wp-content\/uploads\/2023\/11\/fresko-comercial-mexicana-logo-6A391D041B-seeklogo.com_.png\" class=\"attachment-full size-full wp-image-1334\" alt=\"\" \/>\t\t\t\t\t\t\t\t<\/a>\n\t\t\t\t\t\t\t\t\t\t\t\t\t<\/div>\n\t\t\t\t<\/div>\n\t\t\t\t<\/div>\n\t\t<div class=\"elementor-element elementor-element-3180608 e-con-full e-flex e-con e-child\" data-id=\"3180608\" data-element_type=\"container\" data-settings=\"{&quot;content_width&quot;:&quot;full&quot;,&quot;container_type&quot;:&quot;flex&quot;}\">\n\t\t\t\t<div class=\"elementor-element elementor-element-d717277 elementor-widget elementor-widget-image\" data-id=\"d717277\" data-element_type=\"widget\" data-widget_type=\"image.default\">\n\t\t\t\t<div class=\"elementor-widget-container\">\n\t\t\t\t\t\t\t\t\t\t\t\t\t\t<a href=\"https:\/\/www.lacomer.com.mx\/lacomer\/#!\/item-search\/380\/venastat\/?p=1&#038;t=0&#038;succId=380&#038;succFmt=200\">\n\t\t\t\t\t\t\t<img loading=\"lazy\" decoding=\"async\" width=\"320\" height=\"130\" src=\"https:\/\/venastat.com.mx\/wp-content\/uploads\/2023\/11\/city-market.png\" class=\"attachment-full size-full wp-image-1333\" alt=\"\" srcset=\"https:\/\/venastat.com.mx\/wp-content\/uploads\/2023\/11\/city-market.png 320w, https:\/\/venastat.com.mx\/wp-content\/uploads\/2023\/11\/city-market-300x122.png 300w\" sizes=\"(max-width: 320px) 100vw, 320px\" \/>\t\t\t\t\t\t\t\t<\/a>\n\t\t\t\t\t\t\t\t\t\t\t\t\t<\/div>\n\t\t\t\t<\/div>\n\t\t\t\t<\/div>\n\t\t<div class=\"elementor-element elementor-element-923d728 e-con-full e-flex e-con e-child\" data-id=\"923d728\" data-element_type=\"container\" data-settings=\"{&quot;content_width&quot;:&quot;full&quot;,&quot;container_type&quot;:&quot;flex&quot;}\">\n\t\t\t\t<div class=\"elementor-element elementor-element-6118e84 elementor-widget elementor-widget-image\" data-id=\"6118e84\" data-element_type=\"widget\" data-widget_type=\"image.default\">\n\t\t\t\t<div class=\"elementor-widget-container\">\n\t\t\t\t\t\t\t\t\t\t\t\t\t\t<a href=\"https:\/\/www.amazon.com.mx\/Venastat-2859102-C%C3%A1psulas-60-Piezas\/dp\/B074KGBFBD\/ref=mp_s_a_1_1?crid=3DBQRZVOIOKNC&#038;keywords=venastat&#038;qid=1701737533&#038;sprefix=venast%2Caps%2C197&#038;sr=8-1\">\n\t\t\t\t\t\t\t<img loading=\"lazy\" decoding=\"async\" width=\"685\" height=\"326\" src=\"https:\/\/venastat.com.mx\/wp-content\/uploads\/2023\/12\/Logos-Cadenas-color-y-b-n-15.png\" class=\"attachment-full size-full wp-image-2887\" alt=\"\" srcset=\"https:\/\/venastat.com.mx\/wp-content\/uploads\/2023\/12\/Logos-Cadenas-color-y-b-n-15.png 685w, https:\/\/venastat.com.mx\/wp-content\/uploads\/2023\/12\/Logos-Cadenas-color-y-b-n-15-300x143.png 300w\" sizes=\"(max-width: 685px) 100vw, 685px\" \/>\t\t\t\t\t\t\t\t<\/a>\n\t\t\t\t\t\t\t\t\t\t\t\t\t<\/div>\n\t\t\t\t<\/div>\n\t\t\t\t<\/div>\n\t\t\t\t<\/div>\n\t\t<div class=\"elementor-element elementor-element-bdfb00d e-con-full e-flex e-con e-parent\" data-id=\"bdfb00d\" data-element_type=\"container\" data-settings=\"{&quot;content_width&quot;:&quot;full&quot;,&quot;container_type&quot;:&quot;flex&quot;}\" data-core-v316-plus=\"true\">\n\t\t\t\t<div class=\"elementor-element elementor-element-7f55eab elementor-widget elementor-widget-image\" data-id=\"7f55eab\" data-element_type=\"widget\" data-widget_type=\"image.default\">\n\t\t\t\t<div class=\"elementor-widget-container\">\n\t\t\t\t\t\t\t\t\t\t\t\t\t<img loading=\"lazy\" decoding=\"async\" width=\"1977\" height=\"75\" src=\"https:\/\/venastat.com.mx\/wp-content\/uploads\/2023\/11\/recorte-donde-01.png\" class=\"attachment-full size-full wp-image-1335\" alt=\"\" srcset=\"https:\/\/venastat.com.mx\/wp-content\/uploads\/2023\/11\/recorte-donde-01.png 1977w, https:\/\/venastat.com.mx\/wp-content\/uploads\/2023\/11\/recorte-donde-01-300x11.png 300w, https:\/\/venastat.com.mx\/wp-content\/uploads\/2023\/11\/recorte-donde-01-1024x39.png 1024w, https:\/\/venastat.com.mx\/wp-content\/uploads\/2023\/11\/recorte-donde-01-768x29.png 768w, https:\/\/venastat.com.mx\/wp-content\/uploads\/2023\/11\/recorte-donde-01-1536x58.png 1536w\" sizes=\"(max-width: 1977px) 100vw, 1977px\" \/>\t\t\t\t\t\t\t\t\t\t\t\t\t<\/div>\n\t\t\t\t<\/div>\n\t\t\t\t<\/div>\n\t\t<div class=\"elementor-element elementor-element-90f59dc e-con-full e-flex e-con e-parent\" data-id=\"90f59dc\" data-element_type=\"container\" data-settings=\"{&quot;content_width&quot;:&quot;full&quot;,&quot;container_type&quot;:&quot;flex&quot;}\" data-core-v316-plus=\"true\">\n\t\t<div class=\"elementor-element elementor-element-370fc31 e-con-full e-flex e-con e-child\" data-id=\"370fc31\" data-element_type=\"container\" data-settings=\"{&quot;content_width&quot;:&quot;full&quot;,&quot;container_type&quot;:&quot;flex&quot;}\">\n\t\t\t\t<div class=\"elementor-element elementor-element-314f11e elementor-widget elementor-widget-heading\" data-id=\"314f11e\" data-element_type=\"widget\" data-widget_type=\"heading.default\">\n\t\t\t\t<div class=\"elementor-widget-container\">\n\t\t\t<h2 class=\"elementor-heading-title elementor-size-default\">Encuentra tu punto<br>de venta m\u00e1s cercano<\/h2>\t\t<\/div>\n\t\t\t\t<\/div>\n\t\t\t\t<div class=\"elementor-element elementor-element-c3f3b88 elementor-widget elementor-widget-text-editor\" data-id=\"c3f3b88\" data-element_type=\"widget\" data-widget_type=\"text-editor.default\">\n\t\t\t\t<div class=\"elementor-widget-container\">\n\t\t\t<style>\/*! elementor - v3.19.0 - 29-01-2024 *\/\n.elementor-widget-text-editor.elementor-drop-cap-view-stacked .elementor-drop-cap{background-color:#69727d;color:#fff}.elementor-widget-text-editor.elementor-drop-cap-view-framed .elementor-drop-cap{color:#69727d;border:3px solid;background-color:transparent}.elementor-widget-text-editor:not(.elementor-drop-cap-view-default) .elementor-drop-cap{margin-top:8px}.elementor-widget-text-editor:not(.elementor-drop-cap-view-default) .elementor-drop-cap-letter{width:1em;height:1em}.elementor-widget-text-editor .elementor-drop-cap{float:left;text-align:center;line-height:1;font-size:50px}.elementor-widget-text-editor .elementor-drop-cap-letter{display:inline-block}<\/style>\t\t\t\t<p>Introduce tu pa\u00eds, ciudad o c\u00f3digo postal.<\/p>\t\t\t\t\t\t<\/div>\n\t\t\t\t<\/div>\n\t\t\t\t<\/div>\n\t\t<div class=\"elementor-element elementor-element-140d216 e-con-full e-flex e-con e-child\" data-id=\"140d216\" data-element_type=\"container\" data-settings=\"{&quot;content_width&quot;:&quot;full&quot;,&quot;container_type&quot;:&quot;flex&quot;}\">\n\t\t\t\t<\/div>\n\t\t\t\t<\/div>\n\t\t<div class=\"elementor-element elementor-element-d56283a e-con-full e-flex e-con e-parent\" data-id=\"d56283a\" data-element_type=\"container\" data-settings=\"{&quot;content_width&quot;:&quot;full&quot;,&quot;container_type&quot;:&quot;flex&quot;}\" data-core-v316-plus=\"true\">\n\t\t\t\t<div class=\"elementor-element elementor-element-67b2ddc elementor-widget__width-inherit elementor-widget elementor-widget-text-editor\" data-id=\"67b2ddc\" data-element_type=\"widget\" data-widget_type=\"text-editor.default\">\n\t\t\t\t<div class=\"elementor-widget-container\">\n\t\t\t\t\t\t\t<style>\r\n\t#wpsl-stores .wpsl-store-thumb {height:45px !important; width:45px !important;}\r\n\t#wpsl-stores, #wpsl-direction-details, #wpsl-gmap {height:500px !important;}\r\n\t#wpsl-gmap .wpsl-info-window {max-width:500px !important;}\r\n\t.wpsl-input label, #wpsl-radius label, #wpsl-category label {width:95px;}\r\n\t#wpsl-search-input ,#wpsl-category .wpsl-dropdown {width:320px;}\r\n<\/style>\r\n<div id=\"wpsl-wrap\">\r\n\t<div class=\"wpsl-search wpsl-clearfix wpsl-filter\">\r\n\t\t<div id=\"wpsl-search-wrap\">\r\n\t\t\t<form autocomplete=\"off\">\r\n\t\t\t<div class=\"wpsl-input\">\r\n\t\t\t\t<div><label for=\"wpsl-search-input\">Tu ubicaci\u00f3n<\/label><\/div>\r\n\t\t\t\t<input id=\"wpsl-search-input\" type=\"text\" value=\"\" name=\"wpsl-search-input\" placeholder=\"\" aria-required=\"true\" \/>\r\n\t\t\t<\/div>\r\n\t\t\t<div class=\"wpsl-select-wrap\">\r\n\t\t\t\t<div id=\"wpsl-radius\">\r\n\t\t\t\t\t<label for=\"wpsl-radius-dropdown\">Radio de b\u00fasqueda<\/label>\r\n\t\t\t\t\t<select id=\"wpsl-radius-dropdown\" class=\"wpsl-dropdown\" name=\"wpsl-radius\">\r\n\t\t\t\t\t\t<option selected=\"selected\" value=\"20\">20 km<\/option><option value=\"25\">25 km<\/option>\r\n\t\t\t\t\t<\/select>\r\n\t\t\t\t<\/div>\r\n\t\t\t\t<div id=\"wpsl-results\">\r\n\t\t\t\t\t<label for=\"wpsl-results-dropdown\">Resultado<\/label>\r\n\t\t\t\t\t<select id=\"wpsl-results-dropdown\" class=\"wpsl-dropdown\" name=\"wpsl-results\">\r\n\t\t\t\t\t\t<option selected=\"selected\" value=\"25\">25<\/option><option value=\"50\">50<\/option><option value=\"75\">75<\/option><option value=\"100\">100<\/option>\r\n\t\t\t\t\t<\/select>\r\n\t\t\t\t<\/div>\r\n\t\t\t<\/div>\r\n\t\t\t\t<div class=\"wpsl-search-btn-wrap\"><input id=\"wpsl-search-btn\" type=\"submit\" value=\"Buscar\"><\/div>\r\n\t\t<\/form>\r\n\t\t<\/div>\r\n\t<\/div>\r\n\t<div id=\"wpsl-gmap\" class=\"wpsl-gmap-canvas\"><\/div>\r\n\t<div id=\"wpsl-result-list\">\r\n\t\t<div id=\"wpsl-stores\" >\r\n\t\t\t<ul><\/ul>\r\n\t\t<\/div>\r\n\t\t<div id=\"wpsl-direction-details\">\r\n\t\t\t<ul><\/ul>\r\n\t\t<\/div>\r\n\t<\/div>\r\n<\/div>\r\n\t\t\t\t\t\t<\/div>\n\t\t\t\t<\/div>\n\t\t\t\t<div class=\"elementor-element elementor-element-2bd2631 elementor-widget elementor-widget-html\" data-id=\"2bd2631\" data-element_type=\"widget\" data-widget_type=\"html.default\">\n\t\t\t\t<div class=\"elementor-widget-container\">\n\t\t\t<style>\n    .wpsl-search {\n        background-color: transparent;\n    }\n    #wpsl-search-wrap .wpsl-input label{\n        display: none;\n    }\n    #wpsl-search-wrap .wpsl-select-wrap {\n        display: none;\n    }\n    #wpsl-gmap {\n        width: 55%;\n        filter: saturate(0);\n    }\n    #wpsl-gmap:hover {\n        filter: saturate(1);\n    }\n    #wpsl-stores, #wpsl-direction-details, #wpsl-gmap {\n        height: 1100px !important; \n    }\n    .wpsl-search {\n        position: absolute;\n        margin-top: 320px;\n    }\n    #wpsl-stores, #wpsl-direction-details, #wpsl-gmap {\n        padding-top: 390px;\n        color: #646365;\n        font-family: 'Raleway';\n        font-weight: 500;\n    }\n    #wpsl-wrap {\n        margin-bottom: 0px;\n    }\n    @media only screen and (max-width: 900px) {\n        .wpsl-gmap-canvas {\n            max-width: 50%;\n        }\n        #wpsl-stores, #wpsl-direction-details, #wpsl-gmap {\n            padding-top:430px;\n        }\n        #wpsl-search-input, #wpsl-category .wpsl-dropdown{\n            width: 250px;\n        }\n        .wpsl-search {\n            padding-left: 0px;\n        }\n        #wpsl-wrap #wpsl-result-list li {\n            padding-left: 0px;\n        }\n    }\n    @media only screen and (max-width: 480px) {\n        .wpsl-search {\n            margin-top: 0px;\n            width: 100%;\n        }\n        #wpsl-stores, #wpsl-direction-details, #wpsl-gmap{\n            padding-top:0px;\n            margin-top: 150px;\n            width: 95%;\n        }\n .wpsl-gmap-canvas {\n            max-width: 100%;\n            max-height: 450px;\n        }\n        #wpsl-stores, #wpsl-direction-details, #wpsl-gmap{\n            height: 500px;\n        }\n        #wpsl-result-list, .wpsl-cat-results-filter .wpsl-select-wrap, .wpsl-filter .wpsl-select-wrap {\n            margin-top:-110px;\n            padding-left: 10px;\n        }\n    }\n<\/style>\t\t<\/div>\n\t\t\t\t<\/div>\n\t\t\t\t<\/div>\n\t\t\t\t<\/div>\n\t\t","protected":false},"excerpt":{"rendered":"<p>\u00bfD\u00d3NDE COMPRAR? Encuentra tu puntode venta m\u00e1s cercano Introduce tu pa\u00eds, ciudad o c\u00f3digo postal.<\/p>\n","protected":false},"author":1,"featured_media":0,"parent":0,"menu_order":0,"comment_status":"closed","ping_status":"closed","template":"","meta":{"footnotes":""},"class_list":["post-22","page","type-page","status-publish","hentry"],"_links":{"self":[{"href":"https:\/\/venastat.com.mx\/index.php\/wp-json\/wp\/v2\/pages\/22","targetHints":{"allow":["GET"]}}],"collection":[{"href":"https:\/\/venastat.com.mx\/index.php\/wp-json\/wp\/v2\/pages"}],"about":[{"href":"https:\/\/venastat.com.mx\/index.php\/wp-json\/wp\/v2\/types\/page"}],"author":[{"embeddable":true,"href":"https:\/\/venastat.com.mx\/index.php\/wp-json\/wp\/v2\/users\/1"}],"replies":[{"embeddable":true,"href":"https:\/\/venastat.com.mx\/index.php\/wp-json\/wp\/v2\/comments?post=22"}],"version-history":[{"count":466,"href":"https:\/\/venastat.com.mx\/index.php\/wp-json\/wp\/v2\/pages\/22\/revisions"}],"predecessor-version":[{"id":6735,"href":"https:\/\/venastat.com.mx\/index.php\/wp-json\/wp\/v2\/pages\/22\/revisions\/6735"}],"wp:attachment":[{"href":"https:\/\/venastat.com.mx\/index.php\/wp-json\/wp\/v2\/media?parent=22"}],"curies":[{"name":"wp","href":"https:\/\/api.w.org\/{rel}","templated":true}]}}