{"id":19,"date":"2023-10-26T05:41:23","date_gmt":"2023-10-26T05:41:23","guid":{"rendered":"https:\/\/venastat.com.mx\/?page_id=19"},"modified":"2023-11-30T23:51:55","modified_gmt":"2023-11-30T23:51:55","slug":"que-son-las-varices","status":"publish","type":"page","link":"https:\/\/venastat.com.mx\/index.php\/que-son-las-varices\/","title":{"rendered":"\u00bfQu\u00e9 son las varices?"},"content":{"rendered":"\t\t<div data-elementor-type=\"wp-page\" data-elementor-id=\"19\" class=\"elementor elementor-19\">\n\t\t\t\t<div class=\"elementor-element elementor-element-5b1e4dd e-flex e-con-boxed e-con e-parent\" data-id=\"5b1e4dd\" data-element_type=\"container\" data-settings=\"{&quot;container_type&quot;:&quot;flex&quot;,&quot;content_width&quot;:&quot;boxed&quot;}\" data-core-v316-plus=\"true\">\n\t\t\t\t\t<div class=\"e-con-inner\">\n\t\t<div class=\"elementor-element elementor-element-0b33922 e-con-full e-flex e-con e-child\" data-id=\"0b33922\" data-element_type=\"container\" data-settings=\"{&quot;content_width&quot;:&quot;full&quot;,&quot;container_type&quot;:&quot;flex&quot;}\">\n\t\t\t\t<div class=\"elementor-element elementor-element-98a36b2 elementor-widget__width-initial elementor-widget elementor-widget-heading\" data-id=\"98a36b2\" data-element_type=\"widget\" data-widget_type=\"heading.default\">\n\t\t\t\t<div class=\"elementor-widget-container\">\n\t\t\t<style>\/*! elementor - v3.19.0 - 29-01-2024 *\/\n.elementor-heading-title{padding:0;margin:0;line-height:1}.elementor-widget-heading .elementor-heading-title[class*=elementor-size-]>a{color:inherit;font-size:inherit;line-height:inherit}.elementor-widget-heading .elementor-heading-title.elementor-size-small{font-size:15px}.elementor-widget-heading .elementor-heading-title.elementor-size-medium{font-size:19px}.elementor-widget-heading .elementor-heading-title.elementor-size-large{font-size:29px}.elementor-widget-heading .elementor-heading-title.elementor-size-xl{font-size:39px}.elementor-widget-heading .elementor-heading-title.elementor-size-xxl{font-size:59px}<\/style><h2 class=\"elementor-heading-title elementor-size-default\">\u00bfSAB\u00cdAS QUE 7 DE CADA 10 MEXICANOS PUEDE PADECER INSUFICIENCIA VENOSA?<\/h2>\t\t<\/div>\n\t\t\t\t<\/div>\n\t\t\t\t<\/div>\n\t\t<div class=\"elementor-element elementor-element-33c8f31 e-con-full e-flex e-con e-child\" data-id=\"33c8f31\" data-element_type=\"container\" data-settings=\"{&quot;content_width&quot;:&quot;full&quot;,&quot;container_type&quot;:&quot;flex&quot;}\">\n\t\t\t\t<div class=\"elementor-element elementor-element-53ae858 elementor-widget elementor-widget-image\" data-id=\"53ae858\" data-element_type=\"widget\" data-widget_type=\"image.default\">\n\t\t\t\t<div class=\"elementor-widget-container\">\n\t\t\t<style>\/*! elementor - v3.19.0 - 29-01-2024 *\/\n.elementor-widget-image{text-align:center}.elementor-widget-image a{display:inline-block}.elementor-widget-image a img[src$=\".svg\"]{width:48px}.elementor-widget-image img{vertical-align:middle;display:inline-block}<\/style>\t\t\t\t\t\t\t\t\t\t<img fetchpriority=\"high\" decoding=\"async\" width=\"539\" height=\"581\" src=\"https:\/\/venastat.com.mx\/wp-content\/uploads\/2023\/11\/varices-img-vena-sana-01.png\" class=\"attachment-full size-full wp-image-498\" alt=\"\" srcset=\"https:\/\/venastat.com.mx\/wp-content\/uploads\/2023\/11\/varices-img-vena-sana-01.png 539w, https:\/\/venastat.com.mx\/wp-content\/uploads\/2023\/11\/varices-img-vena-sana-01-278x300.png 278w\" sizes=\"(max-width: 539px) 100vw, 539px\" \/>\t\t\t\t\t\t\t\t\t\t\t\t\t<\/div>\n\t\t\t\t<\/div>\n\t\t\t\t<\/div>\n\t\t<div class=\"elementor-element elementor-element-2bf6688 e-con-full e-flex e-con e-child\" data-id=\"2bf6688\" data-element_type=\"container\" data-settings=\"{&quot;content_width&quot;:&quot;full&quot;,&quot;container_type&quot;:&quot;flex&quot;}\">\n\t\t\t\t<div class=\"elementor-element elementor-element-733bf13 elementor-widget elementor-widget-image\" data-id=\"733bf13\" data-element_type=\"widget\" data-widget_type=\"image.default\">\n\t\t\t\t<div class=\"elementor-widget-container\">\n\t\t\t\t\t\t\t\t\t\t\t\t\t<img decoding=\"async\" width=\"539\" height=\"581\" src=\"https:\/\/venastat.com.mx\/wp-content\/uploads\/2023\/11\/varices-img-vena-varicosa-01.png\" class=\"attachment-full size-full wp-image-499\" alt=\"\" srcset=\"https:\/\/venastat.com.mx\/wp-content\/uploads\/2023\/11\/varices-img-vena-varicosa-01.png 539w, https:\/\/venastat.com.mx\/wp-content\/uploads\/2023\/11\/varices-img-vena-varicosa-01-278x300.png 278w\" sizes=\"(max-width: 539px) 100vw, 539px\" \/>\t\t\t\t\t\t\t\t\t\t\t\t\t<\/div>\n\t\t\t\t<\/div>\n\t\t\t\t<\/div>\n\t\t\t\t\t<\/div>\n\t\t\t\t<\/div>\n\t\t<div class=\"elementor-element elementor-element-ea7e48a e-con-full e-flex e-con e-parent\" data-id=\"ea7e48a\" data-element_type=\"container\" data-settings=\"{&quot;content_width&quot;:&quot;full&quot;,&quot;background_background&quot;:&quot;classic&quot;,&quot;container_type&quot;:&quot;flex&quot;}\" data-core-v316-plus=\"true\">\n\t\t<div class=\"elementor-element elementor-element-07056ac e-con-full e-flex e-con e-child\" data-id=\"07056ac\" data-element_type=\"container\" data-settings=\"{&quot;content_width&quot;:&quot;full&quot;,&quot;container_type&quot;:&quot;flex&quot;}\">\n\t\t\t\t<div class=\"elementor-element elementor-element-47c23da elementor-widget__width-initial elementor-widget elementor-widget-image\" data-id=\"47c23da\" data-element_type=\"widget\" data-widget_type=\"image.default\">\n\t\t\t\t<div class=\"elementor-widget-container\">\n\t\t\t\t\t\t\t\t\t\t\t\t\t<img decoding=\"async\" width=\"1092\" height=\"74\" src=\"https:\/\/venastat.com.mx\/wp-content\/uploads\/2023\/11\/def-insuficiencia-varicosa-01.png\" class=\"attachment-full size-full wp-image-539\" alt=\"\" srcset=\"https:\/\/venastat.com.mx\/wp-content\/uploads\/2023\/11\/def-insuficiencia-varicosa-01.png 1092w, https:\/\/venastat.com.mx\/wp-content\/uploads\/2023\/11\/def-insuficiencia-varicosa-01-300x20.png 300w, https:\/\/venastat.com.mx\/wp-content\/uploads\/2023\/11\/def-insuficiencia-varicosa-01-1024x69.png 1024w, https:\/\/venastat.com.mx\/wp-content\/uploads\/2023\/11\/def-insuficiencia-varicosa-01-768x52.png 768w\" sizes=\"(max-width: 1092px) 100vw, 1092px\" \/>\t\t\t\t\t\t\t\t\t\t\t\t\t<\/div>\n\t\t\t\t<\/div>\n\t\t\t\t<\/div>\n\t\t<div class=\"elementor-element elementor-element-45405be e-con-full e-flex e-con e-child\" data-id=\"45405be\" data-element_type=\"container\" data-settings=\"{&quot;content_width&quot;:&quot;full&quot;,&quot;container_type&quot;:&quot;flex&quot;}\">\n\t\t\t\t<div class=\"elementor-element elementor-element-f9793e1 elementor-widget__width-initial elementor-widget elementor-widget-text-editor\" data-id=\"f9793e1\" data-element_type=\"widget\" data-widget_type=\"text-editor.default\">\n\t\t\t\t<div class=\"elementor-widget-container\">\n\t\t\t<style>\/*! elementor - v3.19.0 - 29-01-2024 *\/\n.elementor-widget-text-editor.elementor-drop-cap-view-stacked .elementor-drop-cap{background-color:#69727d;color:#fff}.elementor-widget-text-editor.elementor-drop-cap-view-framed .elementor-drop-cap{color:#69727d;border:3px solid;background-color:transparent}.elementor-widget-text-editor:not(.elementor-drop-cap-view-default) .elementor-drop-cap{margin-top:8px}.elementor-widget-text-editor:not(.elementor-drop-cap-view-default) .elementor-drop-cap-letter{width:1em;height:1em}.elementor-widget-text-editor .elementor-drop-cap{float:left;text-align:center;line-height:1;font-size:50px}.elementor-widget-text-editor .elementor-drop-cap-letter{display:inline-block}<\/style>\t\t\t\t<p>Es una <span style=\"color: #01bab3; font-weight: 700;\">enfermedad en la cual las venas son disfuncionales y que progresa con el tiempo<\/span>, generando venas hinchadas y retorcidas que se ven debajo de la piel, mejor conocidas como v\u00e1rices.<\/p>\t\t\t\t\t\t<\/div>\n\t\t\t\t<\/div>\n\t\t\t\t<\/div>\n\t\t\t\t<\/div>\n\t\t<div class=\"elementor-element elementor-element-f64b5ca e-con-full e-flex e-con e-parent\" data-id=\"f64b5ca\" data-element_type=\"container\" data-settings=\"{&quot;content_width&quot;:&quot;full&quot;,&quot;container_type&quot;:&quot;flex&quot;}\" data-core-v316-plus=\"true\">\n\t\t\t\t<div class=\"elementor-element elementor-element-1427abc elementor-widget elementor-widget-image\" data-id=\"1427abc\" data-element_type=\"widget\" data-widget_type=\"image.default\">\n\t\t\t\t<div class=\"elementor-widget-container\">\n\t\t\t\t\t\t\t\t\t\t\t\t\t<img loading=\"lazy\" decoding=\"async\" width=\"1927\" height=\"66\" src=\"https:\/\/venastat.com.mx\/wp-content\/uploads\/2023\/11\/recortes-02.png\" class=\"attachment-full size-full wp-image-509\" alt=\"\" srcset=\"https:\/\/venastat.com.mx\/wp-content\/uploads\/2023\/11\/recortes-02.png 1927w, https:\/\/venastat.com.mx\/wp-content\/uploads\/2023\/11\/recortes-02-300x10.png 300w, https:\/\/venastat.com.mx\/wp-content\/uploads\/2023\/11\/recortes-02-1024x35.png 1024w, https:\/\/venastat.com.mx\/wp-content\/uploads\/2023\/11\/recortes-02-768x26.png 768w, https:\/\/venastat.com.mx\/wp-content\/uploads\/2023\/11\/recortes-02-1536x53.png 1536w\" sizes=\"(max-width: 1927px) 100vw, 1927px\" \/>\t\t\t\t\t\t\t\t\t\t\t\t\t<\/div>\n\t\t\t\t<\/div>\n\t\t\t\t<\/div>\n\t\t<div class=\"elementor-element elementor-element-8006595 e-flex e-con-boxed e-con e-parent\" data-id=\"8006595\" data-element_type=\"container\" data-settings=\"{&quot;container_type&quot;:&quot;flex&quot;,&quot;content_width&quot;:&quot;boxed&quot;}\" data-core-v316-plus=\"true\">\n\t\t\t\t\t<div class=\"e-con-inner\">\n\t\t<div class=\"elementor-element elementor-element-cdd1728 e-con-full e-flex e-con e-child\" data-id=\"cdd1728\" data-element_type=\"container\" data-settings=\"{&quot;content_width&quot;:&quot;full&quot;,&quot;background_background&quot;:&quot;classic&quot;,&quot;container_type&quot;:&quot;flex&quot;}\">\n\t\t\t\t<div class=\"elementor-element elementor-element-ff7e8db elementor-widget__width-initial e-transform elementor-widget elementor-widget-heading\" data-id=\"ff7e8db\" data-element_type=\"widget\" data-settings=\"{&quot;_transform_rotateZ_effect&quot;:{&quot;unit&quot;:&quot;px&quot;,&quot;size&quot;:-2,&quot;sizes&quot;:[]},&quot;_transform_rotateZ_effect_tablet&quot;:{&quot;unit&quot;:&quot;deg&quot;,&quot;size&quot;:&quot;&quot;,&quot;sizes&quot;:[]},&quot;_transform_rotateZ_effect_mobile&quot;:{&quot;unit&quot;:&quot;deg&quot;,&quot;size&quot;:&quot;&quot;,&quot;sizes&quot;:[]}}\" data-widget_type=\"heading.default\">\n\t\t\t\t<div class=\"elementor-widget-container\">\n\t\t\t<h2 class=\"elementor-heading-title elementor-size-default\">\u00bfSAB\u00cdAS QUE.. APROXIMADAMENTE 7 DE CADA 10 MEXICANOS PUEDEN PADECER INSUFICIENCIA VENOSA?<\/h2>\t\t<\/div>\n\t\t\t\t<\/div>\n\t\t\t\t<\/div>\n\t\t\t\t\t<\/div>\n\t\t\t\t<\/div>\n\t\t<div class=\"elementor-element elementor-element-869d81a e-con-full e-flex e-con e-parent\" data-id=\"869d81a\" data-element_type=\"container\" data-settings=\"{&quot;content_width&quot;:&quot;full&quot;,&quot;container_type&quot;:&quot;flex&quot;}\" data-core-v316-plus=\"true\">\n\t\t<div class=\"elementor-element elementor-element-816346e e-con-full e-flex e-con e-child\" data-id=\"816346e\" data-element_type=\"container\" data-settings=\"{&quot;content_width&quot;:&quot;full&quot;,&quot;container_type&quot;:&quot;flex&quot;}\">\n\t\t\t\t<div class=\"elementor-element elementor-element-2a1496a elementor-widget__width-initial elementor-widget elementor-widget-text-editor\" data-id=\"2a1496a\" data-element_type=\"widget\" data-widget_type=\"text-editor.default\">\n\t\t\t\t<div class=\"elementor-widget-container\">\n\t\t\t\t\t\t\t<p>Las venas tienen v\u00e1lvulas que ayudan a bombear la sangre de arriba hacia abajo, con direcci\u00f3n al coraz\u00f3n favoreciendo la circulaci\u00f3n.<\/p>\t\t\t\t\t\t<\/div>\n\t\t\t\t<\/div>\n\t\t\t\t<\/div>\n\t\t<div class=\"elementor-element elementor-element-0db9d41 e-con-full e-flex e-con e-child\" data-id=\"0db9d41\" data-element_type=\"container\" data-settings=\"{&quot;content_width&quot;:&quot;full&quot;,&quot;container_type&quot;:&quot;flex&quot;}\">\n\t\t\t\t<div class=\"elementor-element elementor-element-4d5fe45 elementor-widget elementor-widget-image\" data-id=\"4d5fe45\" data-element_type=\"widget\" data-widget_type=\"image.default\">\n\t\t\t\t<div class=\"elementor-widget-container\">\n\t\t\t\t\t\t\t\t\t\t\t\t\t<img loading=\"lazy\" decoding=\"async\" width=\"300\" height=\"300\" src=\"https:\/\/venastat.com.mx\/wp-content\/uploads\/2023\/11\/vena-sana.gif\" class=\"attachment-full size-full wp-image-1524\" alt=\"\" \/>\t\t\t\t\t\t\t\t\t\t\t\t\t<\/div>\n\t\t\t\t<\/div>\n\t\t\t\t<\/div>\n\t\t\t\t<\/div>\n\t\t<div class=\"elementor-element elementor-element-9509ce4 e-con-full e-flex e-con e-parent\" data-id=\"9509ce4\" data-element_type=\"container\" data-settings=\"{&quot;content_width&quot;:&quot;full&quot;,&quot;container_type&quot;:&quot;flex&quot;}\" data-core-v316-plus=\"true\">\n\t\t<div class=\"elementor-element elementor-element-9b8d068 e-con-full e-flex e-con e-child\" data-id=\"9b8d068\" data-element_type=\"container\" data-settings=\"{&quot;content_width&quot;:&quot;full&quot;,&quot;container_type&quot;:&quot;flex&quot;}\">\n\t\t\t\t<div class=\"elementor-element elementor-element-c8c0af3 elementor-widget elementor-widget-image\" data-id=\"c8c0af3\" data-element_type=\"widget\" data-widget_type=\"image.default\">\n\t\t\t\t<div class=\"elementor-widget-container\">\n\t\t\t\t\t\t\t\t\t\t\t\t\t<img loading=\"lazy\" decoding=\"async\" width=\"300\" height=\"300\" src=\"https:\/\/venastat.com.mx\/wp-content\/uploads\/2023\/11\/vena-varicosa-2-2.gif\" class=\"attachment-full size-full wp-image-1523\" alt=\"\" \/>\t\t\t\t\t\t\t\t\t\t\t\t\t<\/div>\n\t\t\t\t<\/div>\n\t\t\t\t<\/div>\n\t\t<div class=\"elementor-element elementor-element-a35a2a7 e-con-full e-flex e-con e-child\" data-id=\"a35a2a7\" data-element_type=\"container\" data-settings=\"{&quot;content_width&quot;:&quot;full&quot;,&quot;container_type&quot;:&quot;flex&quot;}\">\n\t\t\t\t<div class=\"elementor-element elementor-element-19f566c elementor-widget__width-initial elementor-widget elementor-widget-text-editor\" data-id=\"19f566c\" data-element_type=\"widget\" data-widget_type=\"text-editor.default\">\n\t\t\t\t<div class=\"elementor-widget-container\">\n\t\t\t\t\t\t\t<p>Si las v\u00e1lvulas est\u00e1n d\u00e9biles o da\u00f1adas, la sangre puede detenerse y acumularse en las venas. Esto hace que se hinchen, lo que puede conducir a venas varicosas.<\/p>\t\t\t\t\t\t<\/div>\n\t\t\t\t<\/div>\n\t\t\t\t<div class=\"elementor-element elementor-element-61b90d9 elementor-widget elementor-widget-button\" data-id=\"61b90d9\" data-element_type=\"widget\" data-widget_type=\"button.default\">\n\t\t\t\t<div class=\"elementor-widget-container\">\n\t\t\t\t\t<div class=\"elementor-button-wrapper\">\n\t\t\t<a class=\"elementor-button elementor-button-link elementor-size-sm\" href=\"https:\/\/venastat.com.mx\/index.php\/sintomas\/\">\n\t\t\t\t\t\t<span class=\"elementor-button-content-wrapper\">\n\t\t\t\t\t\t<span class=\"elementor-button-text\">DESCUBRE CU\u00c1LES SON LOS S\u00cdNTOMAS<\/span>\n\t\t<\/span>\n\t\t\t\t\t<\/a>\n\t\t<\/div>\n\t\t\t\t<\/div>\n\t\t\t\t<\/div>\n\t\t\t\t<\/div>\n\t\t\t\t<\/div>\n\t\t\t\t<\/div>\n\t\t","protected":false},"excerpt":{"rendered":"<p>\u00bfSAB\u00cdAS QUE 7 DE CADA 10 MEXICANOS PUEDE PADECER INSUFICIENCIA VENOSA? Es una enfermedad en la cual las venas son disfuncionales y que progresa con el tiempo, generando venas hinchadas y retorcidas que se ven debajo de la piel, mejor conocidas como v\u00e1rices. \u00bfSAB\u00cdAS QUE.. APROXIMADAMENTE 7 DE CADA 10 MEXICANOS PUEDEN PADECER INSUFICIENCIA VENOSA? [&hellip;]<\/p>\n","protected":false},"author":1,"featured_media":0,"parent":0,"menu_order":0,"comment_status":"closed","ping_status":"closed","template":"","meta":{"footnotes":""},"class_list":["post-19","page","type-page","status-publish","hentry"],"_links":{"self":[{"href":"https:\/\/venastat.com.mx\/index.php\/wp-json\/wp\/v2\/pages\/19","targetHints":{"allow":["GET"]}}],"collection":[{"href":"https:\/\/venastat.com.mx\/index.php\/wp-json\/wp\/v2\/pages"}],"about":[{"href":"https:\/\/venastat.com.mx\/index.php\/wp-json\/wp\/v2\/types\/page"}],"author":[{"embeddable":true,"href":"https:\/\/venastat.com.mx\/index.php\/wp-json\/wp\/v2\/users\/1"}],"replies":[{"embeddable":true,"href":"https:\/\/venastat.com.mx\/index.php\/wp-json\/wp\/v2\/comments?post=19"}],"version-history":[{"count":261,"href":"https:\/\/venastat.com.mx\/index.php\/wp-json\/wp\/v2\/pages\/19\/revisions"}],"predecessor-version":[{"id":2143,"href":"https:\/\/venastat.com.mx\/index.php\/wp-json\/wp\/v2\/pages\/19\/revisions\/2143"}],"wp:attachment":[{"href":"https:\/\/venastat.com.mx\/index.php\/wp-json\/wp\/v2\/media?parent=19"}],"curies":[{"name":"wp","href":"https:\/\/api.w.org\/{rel}","templated":true}]}}